{"id":7119,"date":"2025-04-18T17:15:11","date_gmt":"2025-04-18T17:15:11","guid":{"rendered":"https:\/\/lolosice.edu.pl\/?page_id=7119"},"modified":"2025-04-18T17:17:56","modified_gmt":"2025-04-18T17:17:56","slug":"kontakt","status":"publish","type":"page","link":"https:\/\/lolosice.edu.pl\/?page_id=7119","title":{"rendered":"Dane adresowe"},"content":{"rendered":"<h1 style=\"text-align: center;\">Zesp\u00f3\u0142 Szk\u00f3\u0142 Nr 1 I Liceum Og\u00f3lnokszta\u0142c\u0105ce<\/h1>\n<h1 style=\"text-align: center;\">ul. Szkolna 5<br \/>\n08-200 \u0141osice<\/h1>\n<h1 style=\"text-align: center;\">tel. (83) 3573303<\/h1>\n","protected":false},"excerpt":{"rendered":"<p>Zesp\u00f3\u0142 Szk\u00f3\u0142 Nr 1 I Liceum Og\u00f3lnokszta\u0142c\u0105ce ul. Szkolna 5 08-200 \u0141osice tel. (83) 3573303<\/p>\n","protected":false},"author":1,"featured_media":0,"parent":0,"menu_order":0,"comment_status":"closed","ping_status":"closed","template":"","meta":{"ngg_post_thumbnail":0,"footnotes":""},"class_list":["post-7119","page","type-page","status-publish","hentry","nodate","item-wrap"],"jetpack_sharing_enabled":true,"_links":{"self":[{"href":"https:\/\/lolosice.edu.pl\/index.php?rest_route=\/wp\/v2\/pages\/7119","targetHints":{"allow":["GET"]}}],"collection":[{"href":"https:\/\/lolosice.edu.pl\/index.php?rest_route=\/wp\/v2\/pages"}],"about":[{"href":"https:\/\/lolosice.edu.pl\/index.php?rest_route=\/wp\/v2\/types\/page"}],"author":[{"embeddable":true,"href":"https:\/\/lolosice.edu.pl\/index.php?rest_route=\/wp\/v2\/users\/1"}],"replies":[{"embeddable":true,"href":"https:\/\/lolosice.edu.pl\/index.php?rest_route=%2Fwp%2Fv2%2Fcomments&post=7119"}],"version-history":[{"count":2,"href":"https:\/\/lolosice.edu.pl\/index.php?rest_route=\/wp\/v2\/pages\/7119\/revisions"}],"predecessor-version":[{"id":7123,"href":"https:\/\/lolosice.edu.pl\/index.php?rest_route=\/wp\/v2\/pages\/7119\/revisions\/7123"}],"wp:attachment":[{"href":"https:\/\/lolosice.edu.pl\/index.php?rest_route=%2Fwp%2Fv2%2Fmedia&parent=7119"}],"curies":[{"name":"wp","href":"https:\/\/api.w.org\/{rel}","templated":true}]}}